{"id":15265,"date":"2023-03-09T10:20:28","date_gmt":"2023-03-09T08:20:28","guid":{"rendered":"https:\/\/muuseumikaart-ee.vserver.zonevs.eu\/avastusretk-algab\/"},"modified":"2025-05-22T16:19:31","modified_gmt":"2025-05-22T14:19:31","slug":"avastusretk-algab","status":"publish","type":"page","link":"https:\/\/muuseumikaart.ee\/en\/avastusretk-algab\/","title":{"rendered":"Avastusretk algab!"},"content":{"rendered":"<div class=\"ama-block block-txtmedia has-align-top\"><div class=\"block-txtmedia__content\"><div class=\"acf-innerblocks-container\">\n\n<h2 class=\"wp-block-heading wp-el\">Ait\u00e4h! Oled muuseumikaardi omanik!<\/h2>\n\n\n\n<p class=\"wp-el\">QR-kood ja link Walletisse lisamiseks on saadetud sinu e-posti aadressile. Muuseumikaart kehtib 12 kuud alates esimesest muuseumik\u00fclastusest.<\/p>\n\n\n\n<p class=\"wp-el\">Palun tee esimene k\u00fclastus kuue kuu jooksul. P\u00e4rast seda hakkab muuseumikaart automaatselt kehtima.<\/p>\n\n\n\n<p class=\"wp-el\">N\u00fc\u00fcd vaata, millised muuseumid sind ootavad ning toredat avastusretke Eesti muuseumimaailmas!<\/p>\n\n\n\n<p class=\"wp-el\"><strong>Oleme sulle v\u00e4ga t\u00e4nulikud, kui jagad oma muuseumielamusi sotsiaalmeedias ja m\u00e4rgid \u00e4ra ka viite <mark style=\"background-color:rgba(0, 0, 0, 0)\" class=\"has-inline-color has-primary-color\">@muuseumikaart<\/mark>!<\/strong><\/p>\n\n<\/div><\/div><div class=\"block-txtmedia__media\"><\/div><\/div>\n\n<div class=\"ama-block block-museums ama_list\" data-archive_link=\"https:\/\/muuseumikaart.ee\/en\/museums\/\"><div class=\"block-title align-items-center\" data-grid-layout=\"1fr auto\"><h2>Visit with a Museum Card<\/h2><div class=\"content-filters\"><div class=\"inner\"><div class=\"filter__selection\"><button type=\"button\" class=\"toggle--filters\" data-bs-toggle=\"collapse\" data-bs-target=\"#museums-69d8c9ecda177\" aria-expanded=\"false\" aria-controls=\"museums-69d8c9ecda177\"><svg xmlns=\"http:\/\/www.w3.org\/2000\/svg\" width=\"18\" height=\"18\" viewBox=\"0 0 18 18\"><path d=\"M.563,2.931H9.127a2.62,2.62,0,0,0,5.117,0h3.194a.562.562,0,1,0,0-1.124H14.244a2.62,2.62,0,0,0-5.117,0H.563a.562.562,0,1,0,0,1.124Zm9.628-.56s0,0,0-.006a1.494,1.494,0,0,1,2.989,0v.008a1.494,1.494,0,0,1-2.989,0Zm7.247,12.2H14.244a2.62,2.62,0,0,0-5.117,0H.563a.562.562,0,1,0,0,1.124H9.127a2.62,2.62,0,0,0,5.117,0h3.194a.562.562,0,1,0,0-1.124Zm-5.752,2.055a1.5,1.5,0,0,1-1.494-1.489v0s0,0,0-.006a1.494,1.494,0,0,1,2.989,0v.008a1.5,1.5,0,0,1-1.494,1.491ZM17.438,8.19H8.873a2.62,2.62,0,0,0-5.117,0H.563a.562.562,0,1,0,0,1.124H3.756a2.62,2.62,0,0,0,5.117,0h8.564a.562.562,0,1,0,0-1.124Zm-9.628.56s0,0,0,.006a1.494,1.494,0,0,1-2.989,0V8.75a1.494,1.494,0,0,1,2.989,0Z\" transform=\"translate(0 0.248)\"\/><\/svg><span>Filters (<span class=\"list_checked_count\">0<\/span>)<\/span><\/button><\/div><div class=\"filter__search ama_list_search\"><form><input type=\"text\" name=\"s\" value=\"\" placeholder=\"Search museums by name\"><button type=\"submit\"><svg xmlns=\"http:\/\/www.w3.org\/2000\/svg\" width=\"18\" height=\"18\" viewBox=\"0 0 18 18\"><path d=\"M16939.619,22290.766l-4.387-4.314a7.707,7.707,0,0,1-4.621,1.539,7.5,7.5,0,1,1,7.615-7.5,7.424,7.424,0,0,1-1.818,4.85l4.355,4.285a.807.807,0,0,1-1.145,1.137Zm-15-10.271a5.992,5.992,0,1,0,5.988-5.895A5.944,5.944,0,0,0,16924.623,22280.494Z\" transform=\"translate(-16923.002 -22273)\"\/><\/svg><\/button><\/form><\/div><\/div><div class=\"wp-block-buttons\"><div class=\"wp-block-button is-style-outline\"><a href=\"https:\/\/muuseumikaart.ee\/wp-content\/uploads\/2026\/03\/2026-03-museums.pdf\" class=\"wp-block-button__link\" target=\"_blank\">Download pdf<\/a><\/div><div class=\"wp-block-button is-style-outline\"><a href=\"https:\/\/www.google.com\/maps\/@58.5832336,23.820261,8z\/data=!4m3!11m2!2sHmifRcmoTYGP-MpZsBLBgg!3e3?entry=ttu&#038;g_ep=EgoyMDI0MDkwOS4wIKXMDSoASAFQAw%3D%3D\" class=\"wp-block-button__link\" target=\"_blank\" rel=\"noopener\">Google Maps<\/a><\/div><div class=\"filter__btn wp-block-button\"><a href=\"https:\/\/muuseumikaart.ee\/en\/museums\/\/#museum-map\" class=\"wp-block-button__link has-black-background-color\"><svg xmlns=\"http:\/\/www.w3.org\/2000\/svg\" width=\"18\" height=\"18\" viewBox=\"0 0 18 18\"><path d=\"M19.707,2.1a.643.643,0,0,0-.611-.049L13.972,4.333,8.254,2.045a.643.643,0,0,0-.5.01L2.382,4.443A.643.643,0,0,0,2,5.03V19.357a.643.643,0,0,0,.9.588l5.124-2.278,5.718,2.287a.649.649,0,0,0,.5-.01l5.372-2.388A.643.643,0,0,0,20,16.969V2.643A.643.643,0,0,0,19.707,2.1ZM8.658,3.592l4.684,1.874V18.407L8.658,16.534ZM3.286,5.448,7.372,3.632V16.553L3.286,18.368Zm15.429,11.1-4.087,1.816V5.448l4.087-1.816Z\" transform=\"translate(-2 -2)\" fill=\"currentColor\"\/><\/svg><span>Map view<\/span><\/a><\/div><\/div><\/div><\/div><div class=\"collapse museum-filters\" id=\"museums-69d8c9ecda177\"><form class=\"filters__menu position-relative ama_list_filter\"><button type=\"button\" class=\"menu--close\" data-bs-toggle=\"collapse\" data-bs-target=\"#museums-69d8c9ecda177\" aria-expanded=\"false\" aria-controls=\"museums-69d8c9ecda177\"><svg xmlns=\"http:\/\/www.w3.org\/2000\/svg\" width=\"16\" height=\"16.002\" viewBox=\"0 0 16 16.002\"><path d=\"M-16680.047,6720.733l-6.223,6.219-1.779-1.774,6.225-6.224-6.225-6.229,1.775-1.774,6.223,6.224,6.229-6.224,1.773,1.78-6.217,6.224,6.217,6.219-1.775,1.779Z\" transform=\"translate(16688.049 -6710.951)\" fill=\"currentColor\"\/><\/svg><\/button><div class=\"menu--body\"><div class=\"body__section\"><p class=\"fw-semibold\">Location<\/p><label><input type=\"checkbox\" name=\"museum-location\" value=\"400\"><span>Tallinn<\/span><\/label><label><input type=\"checkbox\" name=\"museum-location\" value=\"506\"><span>Harju County<\/span><\/label><label><input type=\"checkbox\" name=\"museum-location\" value=\"393\"><span>Tartu<\/span><\/label><label><input type=\"checkbox\" name=\"museum-location\" value=\"507\"><span>Tartu County<\/span><\/label><label><input type=\"checkbox\" name=\"museum-location\" value=\"455\"><span>Central Estonia \u2013 J\u00e4rva, J\u00f5geva, Rapla County<\/span><\/label><label><input type=\"checkbox\" name=\"museum-location\" value=\"457\"><span>West Estonia \u2013 Hiiumaa, L\u00e4\u00e4nemaa, Saaremaa, P\u00e4rnu County<\/span><\/label><label><input type=\"checkbox\" name=\"museum-location\" value=\"454\"><span>East Estonia \u2013 Ida-Viru and L\u00e4\u00e4ne-Viru County<\/span><\/label><label><input type=\"checkbox\" name=\"museum-location\" value=\"424\"><span>South Estonia \u2013 P\u00f5lva, Valga, Viljandi and V\u00f5ru County<\/span><\/label><\/div><div class=\"body__section\"><p class=\"fw-semibold\">Theme<\/p><label><input type=\"checkbox\" name=\"museum-theme\" value=\"401\"><span>History<\/span><\/label><label><input type=\"checkbox\" name=\"museum-theme\" value=\"406\"><span>Art, Design, Architecture<\/span><\/label><label><input type=\"checkbox\" name=\"museum-theme\" value=\"407\"><span>Nature, Sea, Agriculture<\/span><\/label><label><input type=\"checkbox\" name=\"museum-theme\" value=\"458\"><span>Health and Sports<\/span><\/label><label><input type=\"checkbox\" name=\"museum-theme\" value=\"404\"><span>Historical persons<\/span><\/label><label><input type=\"checkbox\" name=\"museum-theme\" value=\"408\"><span>Folk Culture<\/span><\/label><label><input type=\"checkbox\" name=\"museum-theme\" value=\"402\"><span>Military and Internal Defense<\/span><\/label><label><input type=\"checkbox\" name=\"museum-theme\" value=\"434\"><span>Science and Industry<\/span><\/label><label><input type=\"checkbox\" name=\"museum-theme\" value=\"422\"><span>Local museums<\/span><\/label><label><input type=\"checkbox\" name=\"museum-theme\" value=\"420\"><span>Activities for children<\/span><\/label><label><input type=\"checkbox\" name=\"museum-theme\" value=\"419\"><span>With interactive exhibits<\/span><\/label><label><input type=\"checkbox\" name=\"museum-theme\" value=\"436\"><span>Open air exhibitions and attractions<\/span><\/label><\/div><div class=\"body__section\"><p class=\"fw-semibold\">Additional options<\/p><label><input type=\"checkbox\" name=\"museum-additional\" value=\"510\"><span>Dog friendly museum<\/span><\/label><label><input type=\"checkbox\" name=\"museum-additional\" value=\"462\"><span>Awarded<\/span><\/label><label><input type=\"checkbox\" name=\"museum-additional\" value=\"459\"><span>Green museum<\/span><\/label><label><input type=\"checkbox\" name=\"museum-additional\" value=\"485\"><span>Buy at a museum<\/span><\/label><label><input type=\"checkbox\" name=\"museum-additional\" value=\"482\"><span>Sells a Museum Card as a gift<\/span><\/label><\/div><\/div><div class=\"menu--footer\"><div class=\"filters__reset\"><button type=\"reset\">Reset all filters<\/button><\/div><div class=\"filters__submit\"><button type=\"submit\" class=\"btn\">Save<\/button><\/div><\/div><\/form><\/div><div class=\"ama_list_elements\"><div id=\"museum-29971\" class=\"grid-item museum-item\"><a href=\"https:\/\/muuseumikaart.ee\/en\/museums\/the-banned-books-museum\/\" class=\"grid-item__thumb d-block position-relative\"><img decoding=\"async\" width=\"290\" height=\"150\" src=\"https:\/\/muuseumikaart.ee\/wp-content\/uploads\/fly-images\/29924\/GPF09334-scaled-290x150-c.jpg\" class=\"attachment-thumbnail-sm\" alt=\"Joseph Dunnigan\" \/><\/a><p class=\"has-semi-large-font-size fw-bold\"><a href=\"https:\/\/muuseumikaart.ee\/en\/museums\/the-banned-books-museum\/\">The Banned Books Museum<\/a><\/p><a href=\"https:\/\/muuseumikaart.ee\/en\/museums\/the-banned-books-museum\/#map\" class=\"museum-location fw-semibold\"><svg xmlns=\"http:\/\/www.w3.org\/2000\/svg\" width=\"15\" height=\"18\" viewBox=\"0 0 15 18\"><path d=\"M31.265,14.053a7.534,7.534,0,0,0-10.6,0,7.45,7.45,0,0,0,0,10.556l5.3,5.266,5.3-5.266A7.407,7.407,0,0,0,31.265,14.053Zm-2.638,7.911a3.745,3.745,0,0,1-5.3,0,3.69,3.69,0,0,1,0-5.266,3.735,3.735,0,0,1,5.3,5.266Z\" transform=\"translate(-18.475 -11.875)\" fill=\"currentColor\"\/><\/svg>Munga 2, Tallinn<\/a><\/div><div id=\"museum-8984\" class=\"grid-item museum-item\"><a href=\"https:\/\/muuseumikaart.ee\/en\/museums\/estonian-health-museum\/\" class=\"grid-item__thumb d-block position-relative\"><img decoding=\"async\" width=\"290\" height=\"150\" src=\"https:\/\/muuseumikaart.ee\/wp-content\/uploads\/fly-images\/1315\/56d957332799e4a75854805ea99d3ee2-290x150-c.jpg\" class=\"attachment-thumbnail-sm\" alt=\"\" \/><div class=\"museum-tags\"><span class=\"museum-tag\" style=\"color:#000000; background-color:#00dba0;\">Green museum<\/span><span class=\"museum-tag\" style=\"color:#000000; background-color:#FFD079;\">Awarded<\/span><\/div><\/a><p class=\"has-semi-large-font-size fw-bold\"><a href=\"https:\/\/muuseumikaart.ee\/en\/museums\/estonian-health-museum\/\">Estonian Health Museum<\/a><\/p><a href=\"https:\/\/muuseumikaart.ee\/en\/museums\/estonian-health-museum\/#map\" class=\"museum-location fw-semibold\"><svg xmlns=\"http:\/\/www.w3.org\/2000\/svg\" width=\"15\" height=\"18\" viewBox=\"0 0 15 18\"><path d=\"M31.265,14.053a7.534,7.534,0,0,0-10.6,0,7.45,7.45,0,0,0,0,10.556l5.3,5.266,5.3-5.266A7.407,7.407,0,0,0,31.265,14.053Zm-2.638,7.911a3.745,3.745,0,0,1-5.3,0,3.69,3.69,0,0,1,0-5.266,3.735,3.735,0,0,1,5.3,5.266Z\" transform=\"translate(-18.475 -11.875)\" fill=\"currentColor\"\/><\/svg>Lai 28\/30, Tallinn<\/a><\/div><div id=\"museum-12735\" class=\"grid-item museum-item\"><a href=\"https:\/\/muuseumikaart.ee\/en\/museums\/eesti-teaduste-akadeemia-underi-ja-tuglase-kirjanduskeskus\/\" class=\"grid-item__thumb d-block position-relative\"><img decoding=\"async\" width=\"290\" height=\"150\" src=\"https:\/\/muuseumikaart.ee\/wp-content\/uploads\/fly-images\/16896\/Talivee_Elle-Mari-scaled-290x150-c.jpg\" class=\"attachment-thumbnail-sm\" alt=\"Talivee_Elle-Mari\" \/><\/a><p class=\"has-semi-large-font-size fw-bold\"><a href=\"https:\/\/muuseumikaart.ee\/en\/museums\/eesti-teaduste-akadeemia-underi-ja-tuglase-kirjanduskeskus\/\">The Under and Tuglas Literature Centre of the Estonian Academy of Sciences<\/a><\/p><a href=\"https:\/\/muuseumikaart.ee\/en\/museums\/eesti-teaduste-akadeemia-underi-ja-tuglase-kirjanduskeskus\/#map\" class=\"museum-location fw-semibold\"><svg xmlns=\"http:\/\/www.w3.org\/2000\/svg\" width=\"15\" height=\"18\" viewBox=\"0 0 15 18\"><path d=\"M31.265,14.053a7.534,7.534,0,0,0-10.6,0,7.45,7.45,0,0,0,0,10.556l5.3,5.266,5.3-5.266A7.407,7.407,0,0,0,31.265,14.053Zm-2.638,7.911a3.745,3.745,0,0,1-5.3,0,3.69,3.69,0,0,1,0-5.266,3.735,3.735,0,0,1,5.3,5.266Z\" transform=\"translate(-18.475 -11.875)\" fill=\"currentColor\"\/><\/svg>V\u00e4ikese Illimari 12, Tallinn<\/a><\/div><div id=\"museum-19704\" class=\"grid-item museum-item\"><a href=\"https:\/\/muuseumikaart.ee\/en\/museums\/gallery-seek\/\" class=\"grid-item__thumb d-block position-relative\"><img decoding=\"async\" width=\"290\" height=\"150\" src=\"https:\/\/muuseumikaart.ee\/wp-content\/uploads\/fly-images\/31867\/PAISESSEseek_Meeli_Kuttim-scaled-290x150-c.jpg\" class=\"attachment-thumbnail-sm\" alt=\"Seeki eestvaade\" \/><\/a><p class=\"has-semi-large-font-size fw-bold\"><a href=\"https:\/\/muuseumikaart.ee\/en\/museums\/gallery-seek\/\">Gallery Seek<\/a><\/p><a href=\"https:\/\/muuseumikaart.ee\/en\/museums\/gallery-seek\/\" class=\"museum-location fw-semibold\"><svg xmlns=\"http:\/\/www.w3.org\/2000\/svg\" width=\"15\" height=\"18\" viewBox=\"0 0 15 18\"><path d=\"M31.265,14.053a7.534,7.534,0,0,0-10.6,0,7.45,7.45,0,0,0,0,10.556l5.3,5.266,5.3-5.266A7.407,7.407,0,0,0,31.265,14.053Zm-2.638,7.911a3.745,3.745,0,0,1-5.3,0,3.69,3.69,0,0,1,0-5.266,3.735,3.735,0,0,1,5.3,5.266Z\" transform=\"translate(-18.475 -11.875)\" fill=\"currentColor\"\/><\/svg>V\u00e4ike-P\u00e4\u00e4sukese 5, Tallinn<\/a><\/div><div class=\"wp-block-buttons ama-list_end-btns justify-content-center\"><div class=\"wp-block-button\"><a href=\"https:\/\/muuseumikaart.ee\/en\/museums\/\" class=\"wp-block-button__link\">View more<\/a><\/div><\/div><\/div><\/div>","protected":false},"excerpt":{"rendered":"","protected":false},"author":1,"featured_media":34580,"parent":0,"menu_order":0,"comment_status":"closed","ping_status":"closed","template":"","meta":{"_acf_changed":false,"inline_featured_image":false,"footnotes":""},"class_list":["post-15265","page","type-page","status-publish","has-post-thumbnail","hentry"],"acf":[],"_links":{"self":[{"href":"https:\/\/muuseumikaart.ee\/en\/wp-json\/wp\/v2\/pages\/15265","targetHints":{"allow":["GET"]}}],"collection":[{"href":"https:\/\/muuseumikaart.ee\/en\/wp-json\/wp\/v2\/pages"}],"about":[{"href":"https:\/\/muuseumikaart.ee\/en\/wp-json\/wp\/v2\/types\/page"}],"author":[{"embeddable":true,"href":"https:\/\/muuseumikaart.ee\/en\/wp-json\/wp\/v2\/users\/1"}],"replies":[{"embeddable":true,"href":"https:\/\/muuseumikaart.ee\/en\/wp-json\/wp\/v2\/comments?post=15265"}],"version-history":[{"count":3,"href":"https:\/\/muuseumikaart.ee\/en\/wp-json\/wp\/v2\/pages\/15265\/revisions"}],"predecessor-version":[{"id":22415,"href":"https:\/\/muuseumikaart.ee\/en\/wp-json\/wp\/v2\/pages\/15265\/revisions\/22415"}],"wp:featuredmedia":[{"embeddable":true,"href":"https:\/\/muuseumikaart.ee\/en\/wp-json\/wp\/v2\/media\/34580"}],"wp:attachment":[{"href":"https:\/\/muuseumikaart.ee\/en\/wp-json\/wp\/v2\/media?parent=15265"}],"curies":[{"name":"wp","href":"https:\/\/api.w.org\/{rel}","templated":true}]}}